{"id":64,"date":"2022-06-20T09:24:21","date_gmt":"2022-06-20T07:24:21","guid":{"rendered":"https:\/\/sko-dl.de\/intern\/?page_id=64"},"modified":"2023-03-20T09:52:18","modified_gmt":"2023-03-20T08:52:18","slug":"start","status":"publish","type":"page","link":"https:\/\/sko-dl.de\/intern\/","title":{"rendered":"Start"},"content":{"rendered":"<div class=\"wp-block-image\">\r\n<figure class=\"aligncenter size-full is-resized\"><img loading=\"lazy\" decoding=\"async\" class=\"alignnone wp-image-587 size-full\" src=\"https:\/\/sko-dl.de\/SKO%20Dienstleistungs%20GmbH-Dateien\/logo_sko.gif\" alt=\"\" width=\"768\" height=\"336\" \/><\/figure>\r\n<\/div>\r\n\r\n\r\n<p class=\"has-text-align-center\">SKO Dienstleistungs GmbH | Wittekindstr. 17-19 | 49074 Osnabr\u00fcck<br \/>Gesch\u00e4ftsf\u00fchrer: Dirk Turek<br \/>HRB 200294 &#8211; Amtsgericht Osnabr\u00fcck | USt-Id-Nr. DE 248 092 888<\/p>\r\n\r\n\r\n\r\n<p class=\"has-text-align-center\">E-Mail: kontakt@sko-dl.de<\/p>\r\n","protected":false},"excerpt":{"rendered":"<p>SKO Dienstleistungs GmbH | Wittekindstr. 17-19 | 49074 Osnabr\u00fcckGesch\u00e4ftsf\u00fchrer: Dirk TurekHRB 200294 &#8211; Amtsgericht Osnabr\u00fcck | USt-Id-Nr. DE 248 092 888 E-Mail: kontakt@sko-dl.de<\/p>\n","protected":false},"author":1,"featured_media":0,"parent":0,"menu_order":0,"comment_status":"closed","ping_status":"closed","template":"","meta":{"footnotes":""},"class_list":["post-64","page","type-page","status-publish","hentry"],"_links":{"self":[{"href":"https:\/\/sko-dl.de\/intern\/wp-json\/wp\/v2\/pages\/64","targetHints":{"allow":["GET"]}}],"collection":[{"href":"https:\/\/sko-dl.de\/intern\/wp-json\/wp\/v2\/pages"}],"about":[{"href":"https:\/\/sko-dl.de\/intern\/wp-json\/wp\/v2\/types\/page"}],"author":[{"embeddable":true,"href":"https:\/\/sko-dl.de\/intern\/wp-json\/wp\/v2\/users\/1"}],"replies":[{"embeddable":true,"href":"https:\/\/sko-dl.de\/intern\/wp-json\/wp\/v2\/comments?post=64"}],"version-history":[{"count":9,"href":"https:\/\/sko-dl.de\/intern\/wp-json\/wp\/v2\/pages\/64\/revisions"}],"predecessor-version":[{"id":742,"href":"https:\/\/sko-dl.de\/intern\/wp-json\/wp\/v2\/pages\/64\/revisions\/742"}],"wp:attachment":[{"href":"https:\/\/sko-dl.de\/intern\/wp-json\/wp\/v2\/media?parent=64"}],"curies":[{"name":"wp","href":"https:\/\/api.w.org\/{rel}","templated":true}]}}